{"id":1555,"date":"2020-09-30T13:32:48","date_gmt":"2020-09-30T19:32:48","guid":{"rendered":"https:\/\/vymcr.com\/contact\/"},"modified":"2025-06-20T19:23:50","modified_gmt":"2025-06-21T01:23:50","slug":"contact","status":"publish","type":"page","link":"https:\/\/vymcr.com\/en\/contact\/","title":{"rendered":"Contact"},"content":{"rendered":"<p>[et_pb_section fb_built=&#8221;1&#8243; custom_padding_last_edited=&#8221;on|phone&#8221; _builder_version=&#8221;4.23.1&#8243; _module_preset=&#8221;default&#8221; background_color=&#8221;#2b2b3e&#8221; use_background_color_gradient=&#8221;on&#8221; background_color_gradient_stops=&#8221;rgba(43,43,62,0.33) 0%|rgba(43,43,62,0.25) 15%&#8221; background_color_gradient_overlays_image=&#8221;on&#8221; background_color_gradient_start=&#8221;rgba(43,43,62,0.33)&#8221; background_color_gradient_end=&#8221;rgba(43,43,62,0.25)&#8221; background_color_gradient_end_position=&#8221;15%&#8221; background_image=&#8221;https:\/\/vymcr.com\/wp-content\/uploads\/2025\/06\/Hidden-House-2.jpg&#8221; custom_padding=&#8221;75px||75px||true|false&#8221; custom_padding_tablet=&#8221;50px||50px||true|false&#8221; custom_padding_phone=&#8221;25px||25px||true|false&#8221; hover_enabled=&#8221;0&#8243; locked=&#8221;off&#8221; global_colors_info=&#8221;{}&#8221; title_text=&#8221;Hidden-House-2&#8243; sticky_enabled=&#8221;0&#8243;][et_pb_row _builder_version=&#8221;4.16&#8243; _module_preset=&#8221;default&#8221; global_colors_info=&#8221;{}&#8221;][et_pb_column type=&#8221;4_4&#8243; _builder_version=&#8221;4.16&#8243; _module_preset=&#8221;default&#8221; global_colors_info=&#8221;{}&#8221;][et_pb_text _builder_version=&#8221;4.16&#8243; _dynamic_attributes=&#8221;content&#8221; _module_preset=&#8221;default&#8221; text_font=&#8221;Montserrat|900|on||||||&#8221; text_font_size=&#8221;60px&#8221; text_line_height=&#8221;1.2em&#8221; text_orientation=&#8221;center&#8221; background_layout=&#8221;dark&#8221; width=&#8221;750px&#8221; max_width=&#8221;80%&#8221; module_alignment=&#8221;center&#8221; custom_margin=&#8221;||5px||false|false&#8221; animation_style=&#8221;fade&#8221; text_font_size_tablet=&#8221;48px&#8221; text_font_size_phone=&#8221;36px&#8221; text_font_size_last_edited=&#8221;on|phone&#8221; locked=&#8221;off&#8221; global_colors_info=&#8221;{}&#8221;]@ET-DC@eyJkeW5hbWljIjp0cnVlLCJjb250ZW50IjoicG9zdF90aXRsZSIsInNldHRpbmdzIjp7ImJlZm9yZSI6IiIsImFmdGVyIjoiIn19@[\/et_pb_text][\/et_pb_column][\/et_pb_row][\/et_pb_section][et_pb_section fb_built=&#8221;1&#8243; _builder_version=&#8221;4.22.2&#8243; _module_preset=&#8221;default&#8221; background_image=&#8221;https:\/\/vymcr.com\/wp-content\/uploads\/2023\/10\/contacto-backRecurso-2.png&#8221; z_index=&#8221;1&#8243; custom_margin=&#8221;||||false|false&#8221; custom_padding=&#8221;85px||85px||true|false&#8221; locked=&#8221;off&#8221; global_colors_info=&#8221;{}&#8221;][et_pb_row column_structure=&#8221;1_3,1_3,1_3&#8243; use_custom_gutter=&#8221;on&#8221; gutter_width=&#8221;2&#8243; make_equal=&#8221;on&#8221; module_class=&#8221;featuresRow&#8221; _builder_version=&#8221;4.22.2&#8243; _module_preset=&#8221;default&#8221; width=&#8221;1200px&#8221; max_width=&#8221;80%&#8221; custom_padding=&#8221;0px||||false|false&#8221; locked=&#8221;off&#8221; global_colors_info=&#8221;{}&#8221;][et_pb_column type=&#8221;1_3&#8243; module_class=&#8221;feature&#8221; _builder_version=&#8221;4.22.2&#8243; _module_preset=&#8221;default&#8221; background_color=&#8221;#3C3C3C&#8221; custom_padding=&#8221;30px|30px|30px|30px|true|true&#8221; border_width_all=&#8221;1px&#8221; border_color_all=&#8221;#e7e5ea&#8221; box_shadow_style=&#8221;preset1&#8243; box_shadow_vertical=&#8221;40px&#8221; box_shadow_blur=&#8221;80px&#8221; box_shadow_color=&#8221;rgba(159,109,236,0)&#8221; global_colors_info=&#8221;{}&#8221; background__hover_enabled=&#8221;on|hover&#8221; background_color__hover=&#8221;#000000&#8243; background_enable_color__hover=&#8221;on&#8221; border_color_all__hover_enabled=&#8221;on|hover&#8221; border_color_all__hover=&#8221;rgba(159,109,236,0)&#8221; box_shadow_color__hover_enabled=&#8221;on|hover&#8221; box_shadow_color__hover=&#8221;rgba(159,109,236,0.25)&#8221;][et_pb_text admin_label=&#8221;Text&#8221; _builder_version=&#8221;4.22.2&#8243; header_3_font=&#8221;Montserrat|||on|||||&#8221; header_3_text_align=&#8221;center&#8221; header_3_text_color=&#8221;#FEA833&#8243; header_3_font_size=&#8221;16px&#8221; header_3_letter_spacing=&#8221;6px&#8221; background_size=&#8221;initial&#8221; background_position=&#8221;top_left&#8221; background_repeat=&#8221;repeat&#8221; width=&#8221;600px&#8221; max_width=&#8221;90%&#8221; custom_margin=&#8221;||10px||false|false&#8221; locked=&#8221;off&#8221; global_colors_info=&#8221;{}&#8221;]<\/p>\n<h3>Phone<\/h3>\n<p>[\/et_pb_text][et_pb_text admin_label=&#8221;Text&#8221; _builder_version=&#8221;4.22.2&#8243; text_text_color=&#8221;#FFFFFF&#8221; link_text_color=&#8221;#FFFFFF&#8221; background_size=&#8221;initial&#8221; background_position=&#8221;top_left&#8221; background_repeat=&#8221;repeat&#8221; text_orientation=&#8221;center&#8221; width=&#8221;600px&#8221; max_width=&#8221;90%&#8221; link_option_url=&#8221;tel:50647052071&#8243; locked=&#8221;off&#8221; global_colors_info=&#8221;{}&#8221;]+506 4705-2071[\/et_pb_text][\/et_pb_column][et_pb_column type=&#8221;1_3&#8243; module_class=&#8221;feature&#8221; _builder_version=&#8221;4.22.2&#8243; _module_preset=&#8221;default&#8221; background_color=&#8221;#3C3C3C&#8221; custom_padding=&#8221;30px|30px|30px|30px|true|true&#8221; border_width_all=&#8221;1px&#8221; border_color_all=&#8221;#e7e5ea&#8221; box_shadow_style=&#8221;preset1&#8243; box_shadow_vertical=&#8221;40px&#8221; box_shadow_blur=&#8221;80px&#8221; box_shadow_color=&#8221;rgba(159,109,236,0)&#8221; global_colors_info=&#8221;{}&#8221; background__hover_enabled=&#8221;on|hover&#8221; background_color__hover=&#8221;#000000&#8243; background_enable_color__hover=&#8221;on&#8221; border_color_all__hover_enabled=&#8221;on|hover&#8221; border_color_all__hover=&#8221;rgba(159,109,236,0)&#8221; box_shadow_color__hover_enabled=&#8221;on|hover&#8221; box_shadow_color__hover=&#8221;rgba(159,109,236,0.25)&#8221;][et_pb_text admin_label=&#8221;Text&#8221; _builder_version=&#8221;4.22.2&#8243; header_3_font=&#8221;Montserrat|||on|||||&#8221; header_3_text_align=&#8221;center&#8221; header_3_text_color=&#8221;#FEA833&#8243; header_3_font_size=&#8221;16px&#8221; header_3_letter_spacing=&#8221;6px&#8221; background_size=&#8221;initial&#8221; background_position=&#8221;top_left&#8221; background_repeat=&#8221;repeat&#8221; width=&#8221;600px&#8221; max_width=&#8221;90%&#8221; custom_margin=&#8221;||10px||false|false&#8221; locked=&#8221;off&#8221; global_colors_info=&#8221;{}&#8221;]<\/p>\n<h3>Mail<\/h3>\n<p>[\/et_pb_text][et_pb_text admin_label=&#8221;Text&#8221; _builder_version=&#8221;4.22.2&#8243; text_text_color=&#8221;#FFFFFF&#8221; link_text_color=&#8221;#FFFFFF&#8221; background_size=&#8221;initial&#8221; background_position=&#8221;top_left&#8221; background_repeat=&#8221;repeat&#8221; text_orientation=&#8221;center&#8221; width=&#8221;600px&#8221; max_width=&#8221;90%&#8221; link_option_url=&#8221;mailto:info@vymcr.com&#8221; locked=&#8221;off&#8221; global_colors_info=&#8221;{}&#8221;]info@vymcr.com[\/et_pb_text][\/et_pb_column][et_pb_column type=&#8221;1_3&#8243; module_class=&#8221;feature&#8221; _builder_version=&#8221;4.22.2&#8243; _module_preset=&#8221;default&#8221; background_color=&#8221;#3C3C3C&#8221; custom_padding=&#8221;30px|30px|30px|30px|true|true&#8221; border_width_all=&#8221;1px&#8221; border_color_all=&#8221;#e7e5ea&#8221; box_shadow_style=&#8221;preset1&#8243; box_shadow_vertical=&#8221;40px&#8221; box_shadow_blur=&#8221;80px&#8221; box_shadow_color=&#8221;rgba(159,109,236,0)&#8221; global_colors_info=&#8221;{}&#8221; background__hover_enabled=&#8221;on|hover&#8221; background_color__hover=&#8221;#000000&#8243; background_enable_color__hover=&#8221;on&#8221; border_color_all__hover_enabled=&#8221;on|hover&#8221; border_color_all__hover=&#8221;rgba(159,109,236,0)&#8221; box_shadow_color__hover_enabled=&#8221;on|hover&#8221; box_shadow_color__hover=&#8221;rgba(159,109,236,0.25)&#8221;][et_pb_text admin_label=&#8221;Text&#8221; _builder_version=&#8221;4.22.2&#8243; header_3_font=&#8221;Montserrat|||on|||||&#8221; header_3_text_align=&#8221;center&#8221; header_3_text_color=&#8221;#FEA833&#8243; header_3_font_size=&#8221;16px&#8221; header_3_letter_spacing=&#8221;6px&#8221; background_size=&#8221;initial&#8221; background_position=&#8221;top_left&#8221; background_repeat=&#8221;repeat&#8221; width=&#8221;600px&#8221; max_width=&#8221;90%&#8221; custom_margin=&#8221;||10px||false|false&#8221; locked=&#8221;off&#8221; global_colors_info=&#8221;{}&#8221;]<\/p>\n<h3>Location<\/h3>\n<p>[\/et_pb_text][et_pb_text admin_label=&#8221;Text&#8221; _builder_version=&#8221;4.23.1&#8243; text_text_color=&#8221;#FFFFFF&#8221; background_size=&#8221;initial&#8221; background_position=&#8221;top_left&#8221; background_repeat=&#8221;repeat&#8221; text_orientation=&#8221;center&#8221; width=&#8221;600px&#8221; max_width=&#8221;90%&#8221; locked=&#8221;off&#8221; global_colors_info=&#8221;{}&#8221;]<\/p>\n<p>Escaz\u00fa, San Jos\u00e9, Costa Rica.<\/p>\n<p>[\/et_pb_text][\/et_pb_column][\/et_pb_row][et_pb_row use_custom_gutter=&#8221;on&#8221; gutter_width=&#8221;2&#8243; make_equal=&#8221;on&#8221; module_class=&#8221;featuresRow&#8221; _builder_version=&#8221;4.22.2&#8243; _module_preset=&#8221;default&#8221; width=&#8221;1200px&#8221; max_width=&#8221;80%&#8221; custom_padding=&#8221;0px||0px||false|false&#8221; border_width_all=&#8221;1px&#8221; border_color_all=&#8221;#3C3C3C&#8221; locked=&#8221;off&#8221; global_colors_info=&#8221;{}&#8221;][et_pb_column type=&#8221;4_4&#8243; module_class=&#8221;feature&#8221; _builder_version=&#8221;4.22.2&#8243; _module_preset=&#8221;default&#8221; background_color=&#8221;#fbfbfd&#8221; custom_padding=&#8221;30px|30px|30px|30px|true|true&#8221; border_width_all=&#8221;1px&#8221; border_color_all=&#8221;#e7e5ea&#8221; box_shadow_style=&#8221;preset1&#8243; box_shadow_vertical=&#8221;40px&#8221; box_shadow_blur=&#8221;80px&#8221; box_shadow_color=&#8221;rgba(159,109,236,0)&#8221; global_colors_info=&#8221;{}&#8221; background__hover_enabled=&#8221;on|hover&#8221; background_color__hover=&#8221;#ffffff&#8221; background_enable_color__hover=&#8221;on&#8221; border_color_all__hover=&#8221;rgba(159,109,236,0)&#8221; border_color_all__hover_enabled=&#8221;on|hover&#8221; box_shadow_color__hover=&#8221;rgba(159,109,236,0.25)&#8221; box_shadow_color__hover_enabled=&#8221;on|hover&#8221;][et_pb_code _builder_version=&#8221;4.23.1&#8243; _module_preset=&#8221;default&#8221; global_colors_info=&#8221;{}&#8221;]<iframe onload=\"javascript:parent.scrollTo(0,0);\" height=\"845\" allowtransparency=\"true\" scrolling=\"no\" frameborder=\"0\" sandbox=\"allow-forms allow-modals allow-orientation-lock allow-pointer-lock allow-popups allow-popups-to-escape-sandbox allow-presentation allow-same-origin allow-scripts allow-top-navigation allow-top-navigation-by-user-activation\" style=\"width:100%;border:none\" src=\"http:\/\/forms.xum.digital\/embed.php?id=24915\" title=\"V&#038;M\"><a href=\"http:\/\/forms.xum.digital\/view.php?id=24915\" title=\"V&#038;M\">V&#038;M<\/a><\/iframe>[\/et_pb_code][\/et_pb_column][\/et_pb_row][\/et_pb_section]<\/p>\n","protected":false},"excerpt":{"rendered":"<p>Phone+506 4705-2071Mailinfo@vymcr.comLocationEscaz\u00fa, San Jos\u00e9, Costa Rica.<\/p>\n","protected":false},"author":25,"featured_media":0,"parent":0,"menu_order":0,"comment_status":"closed","ping_status":"closed","template":"","meta":{"_et_pb_use_builder":"on","_et_pb_old_content":"","_et_gb_content_width":"","_joinchat":[],"footnotes":""},"class_list":["post-1555","page","type-page","status-publish","hentry"],"yoast_head":"<!-- This site is optimized with the Yoast SEO plugin v27.0 - https:\/\/yoast.com\/product\/yoast-seo-wordpress\/ -->\n<title>Contact - V&amp;M Gerencia en Construcci\u00f3n<\/title>\n<meta name=\"robots\" content=\"index, follow, max-snippet:-1, max-image-preview:large, max-video-preview:-1\" \/>\n<link rel=\"canonical\" href=\"https:\/\/vymcr.com\/en\/contact\/\" \/>\n<meta property=\"og:locale\" content=\"en_US\" \/>\n<meta property=\"og:type\" content=\"article\" \/>\n<meta property=\"og:title\" content=\"Contact - V&amp;M Gerencia en Construcci\u00f3n\" \/>\n<meta property=\"og:description\" content=\"Phone+506 4705-2071Mailinfo@vymcr.comLocationEscaz\u00fa, San Jos\u00e9, Costa Rica.\" \/>\n<meta property=\"og:url\" content=\"https:\/\/vymcr.com\/en\/contact\/\" \/>\n<meta property=\"og:site_name\" content=\"V&amp;M Gerencia en Construcci\u00f3n\" \/>\n<meta property=\"article:publisher\" content=\"https:\/\/www.facebook.com\/vymgerencia\/\" \/>\n<meta property=\"article:modified_time\" content=\"2025-06-21T01:23:50+00:00\" \/>\n<meta name=\"twitter:card\" content=\"summary_large_image\" \/>\n<meta name=\"twitter:label1\" content=\"Est. reading time\" \/>\n\t<meta name=\"twitter:data1\" content=\"5 minutes\" \/>\n<script type=\"application\/ld+json\" class=\"yoast-schema-graph\">{\"@context\":\"https:\/\/schema.org\",\"@graph\":[{\"@type\":\"WebPage\",\"@id\":\"https:\/\/vymcr.com\/en\/contact\/\",\"url\":\"https:\/\/vymcr.com\/en\/contact\/\",\"name\":\"Contact - V&M Gerencia en Construcci\u00f3n\",\"isPartOf\":{\"@id\":\"https:\/\/vymcr.com\/en\/#website\"},\"datePublished\":\"2020-09-30T19:32:48+00:00\",\"dateModified\":\"2025-06-21T01:23:50+00:00\",\"breadcrumb\":{\"@id\":\"https:\/\/vymcr.com\/en\/contact\/#breadcrumb\"},\"inLanguage\":\"en-US\",\"potentialAction\":[{\"@type\":\"ReadAction\",\"target\":[\"https:\/\/vymcr.com\/en\/contact\/\"]}]},{\"@type\":\"BreadcrumbList\",\"@id\":\"https:\/\/vymcr.com\/en\/contact\/#breadcrumb\",\"itemListElement\":[{\"@type\":\"ListItem\",\"position\":1,\"name\":\"Portada\",\"item\":\"https:\/\/vymcr.com\/en\/\"},{\"@type\":\"ListItem\",\"position\":2,\"name\":\"Contact\"}]},{\"@type\":\"WebSite\",\"@id\":\"https:\/\/vymcr.com\/en\/#website\",\"url\":\"https:\/\/vymcr.com\/en\/\",\"name\":\"V&M Gerencia en Construcci\u00f3n\",\"description\":\"V&M Gerencia en Construcci\u00f3n\",\"publisher\":{\"@id\":\"https:\/\/vymcr.com\/en\/#organization\"},\"potentialAction\":[{\"@type\":\"SearchAction\",\"target\":{\"@type\":\"EntryPoint\",\"urlTemplate\":\"https:\/\/vymcr.com\/en\/?s={search_term_string}\"},\"query-input\":{\"@type\":\"PropertyValueSpecification\",\"valueRequired\":true,\"valueName\":\"search_term_string\"}}],\"inLanguage\":\"en-US\"},{\"@type\":\"Organization\",\"@id\":\"https:\/\/vymcr.com\/en\/#organization\",\"name\":\"V&M Gerencia en Construcci\u00f3n\",\"url\":\"https:\/\/vymcr.com\/en\/\",\"logo\":{\"@type\":\"ImageObject\",\"inLanguage\":\"en-US\",\"@id\":\"https:\/\/vymcr.com\/en\/#\/schema\/logo\/image\/\",\"url\":\"https:\/\/vymcr.com\/wp-content\/uploads\/2023\/10\/cropped-favicon-vm.jpg\",\"contentUrl\":\"https:\/\/vymcr.com\/wp-content\/uploads\/2023\/10\/cropped-favicon-vm.jpg\",\"width\":512,\"height\":512,\"caption\":\"V&M Gerencia en Construcci\u00f3n\"},\"image\":{\"@id\":\"https:\/\/vymcr.com\/en\/#\/schema\/logo\/image\/\"},\"sameAs\":[\"https:\/\/www.facebook.com\/vymgerencia\/\",\"https:\/\/www.instagram.com\/vymgerencia\/\"]}]}<\/script>\n<!-- \/ Yoast SEO plugin. -->","yoast_head_json":{"title":"Contact - V&M Gerencia en Construcci\u00f3n","robots":{"index":"index","follow":"follow","max-snippet":"max-snippet:-1","max-image-preview":"max-image-preview:large","max-video-preview":"max-video-preview:-1"},"canonical":"https:\/\/vymcr.com\/en\/contact\/","og_locale":"en_US","og_type":"article","og_title":"Contact - V&M Gerencia en Construcci\u00f3n","og_description":"Phone+506 4705-2071Mailinfo@vymcr.comLocationEscaz\u00fa, San Jos\u00e9, Costa Rica.","og_url":"https:\/\/vymcr.com\/en\/contact\/","og_site_name":"V&M Gerencia en Construcci\u00f3n","article_publisher":"https:\/\/www.facebook.com\/vymgerencia\/","article_modified_time":"2025-06-21T01:23:50+00:00","twitter_card":"summary_large_image","twitter_misc":{"Est. reading time":"5 minutes"},"schema":{"@context":"https:\/\/schema.org","@graph":[{"@type":"WebPage","@id":"https:\/\/vymcr.com\/en\/contact\/","url":"https:\/\/vymcr.com\/en\/contact\/","name":"Contact - V&M Gerencia en Construcci\u00f3n","isPartOf":{"@id":"https:\/\/vymcr.com\/en\/#website"},"datePublished":"2020-09-30T19:32:48+00:00","dateModified":"2025-06-21T01:23:50+00:00","breadcrumb":{"@id":"https:\/\/vymcr.com\/en\/contact\/#breadcrumb"},"inLanguage":"en-US","potentialAction":[{"@type":"ReadAction","target":["https:\/\/vymcr.com\/en\/contact\/"]}]},{"@type":"BreadcrumbList","@id":"https:\/\/vymcr.com\/en\/contact\/#breadcrumb","itemListElement":[{"@type":"ListItem","position":1,"name":"Portada","item":"https:\/\/vymcr.com\/en\/"},{"@type":"ListItem","position":2,"name":"Contact"}]},{"@type":"WebSite","@id":"https:\/\/vymcr.com\/en\/#website","url":"https:\/\/vymcr.com\/en\/","name":"V&M Gerencia en Construcci\u00f3n","description":"V&M Gerencia en Construcci\u00f3n","publisher":{"@id":"https:\/\/vymcr.com\/en\/#organization"},"potentialAction":[{"@type":"SearchAction","target":{"@type":"EntryPoint","urlTemplate":"https:\/\/vymcr.com\/en\/?s={search_term_string}"},"query-input":{"@type":"PropertyValueSpecification","valueRequired":true,"valueName":"search_term_string"}}],"inLanguage":"en-US"},{"@type":"Organization","@id":"https:\/\/vymcr.com\/en\/#organization","name":"V&M Gerencia en Construcci\u00f3n","url":"https:\/\/vymcr.com\/en\/","logo":{"@type":"ImageObject","inLanguage":"en-US","@id":"https:\/\/vymcr.com\/en\/#\/schema\/logo\/image\/","url":"https:\/\/vymcr.com\/wp-content\/uploads\/2023\/10\/cropped-favicon-vm.jpg","contentUrl":"https:\/\/vymcr.com\/wp-content\/uploads\/2023\/10\/cropped-favicon-vm.jpg","width":512,"height":512,"caption":"V&M Gerencia en Construcci\u00f3n"},"image":{"@id":"https:\/\/vymcr.com\/en\/#\/schema\/logo\/image\/"},"sameAs":["https:\/\/www.facebook.com\/vymgerencia\/","https:\/\/www.instagram.com\/vymgerencia\/"]}]}},"_links":{"self":[{"href":"https:\/\/vymcr.com\/en\/wp-json\/wp\/v2\/pages\/1555","targetHints":{"allow":["GET"]}}],"collection":[{"href":"https:\/\/vymcr.com\/en\/wp-json\/wp\/v2\/pages"}],"about":[{"href":"https:\/\/vymcr.com\/en\/wp-json\/wp\/v2\/types\/page"}],"author":[{"embeddable":true,"href":"https:\/\/vymcr.com\/en\/wp-json\/wp\/v2\/users\/25"}],"replies":[{"embeddable":true,"href":"https:\/\/vymcr.com\/en\/wp-json\/wp\/v2\/comments?post=1555"}],"version-history":[{"count":4,"href":"https:\/\/vymcr.com\/en\/wp-json\/wp\/v2\/pages\/1555\/revisions"}],"predecessor-version":[{"id":2395,"href":"https:\/\/vymcr.com\/en\/wp-json\/wp\/v2\/pages\/1555\/revisions\/2395"}],"wp:attachment":[{"href":"https:\/\/vymcr.com\/en\/wp-json\/wp\/v2\/media?parent=1555"}],"curies":[{"name":"wp","href":"https:\/\/api.w.org\/{rel}","templated":true}]}}